{"id":800,"date":"2023-03-25T17:22:17","date_gmt":"2023-03-25T20:22:17","guid":{"rendered":"https:\/\/sementedossonhos.org\/wp\/?page_id=800"},"modified":"2023-03-25T17:22:18","modified_gmt":"2023-03-25T20:22:18","slug":"setembro-2021-cuidando-de-aguas-belas","status":"publish","type":"page","link":"https:\/\/sementedossonhos.org\/wp\/setembro-2021-cuidando-de-aguas-belas\/","title":{"rendered":"Setembro\/2021 &#8211; Cuidando de \u00c1guas Belas"},"content":{"rendered":"<p><\/p><p>Retomamos o projeto <a href=\"https:\/\/sementedossonhos.org\/wp\/herois-do-lixo\/\" data-type=\"page\" data-id=\"411\">Her\u00f3is do Lixo<\/a> no dia 27 de setembro. Especialmente aos domingos recebemos muitos turistas em \u00c1guas Belas. Sem contar com infraestrutura p\u00fablica para coleta e recolhimento de lixo, vamos n\u00f3s mesmo cuidando do mangue e da praia. A cada atividade, recolhemos minimamente 5 sacos de lixo, de 100 litros. Desde a Campanha <a href=\"https:\/\/sementedossonhos.org\/wp\/mares-limpos-o-mar-nao-esta-para-plastico-2019\/\" data-type=\"page\" data-id=\"768\">Mares Limpos<\/a> &#8211; o mar n\u00e3o est\u00e1 para pl\u00e1stico, vinculado \u00e0 ONU Meio Ambiente, n\u00e3o contamos mais os res\u00edduos que coletamos. Mas os sacos t\u00e3o cheios continuam impressionando, pois s\u00e3o coletados em um peda\u00e7o muito pequeno de praia ou mangue.<\/p><figure class=\"wp-block-gallery has-nested-images columns-default is-cropped wp-block-gallery-1 is-layout-flex wp-block-gallery-is-layout-flex\"><figure class=\"wp-block-image size-large\"><img loading=\"lazy\" decoding=\"async\" width=\"1024\" height=\"768\" data-id=\"750\" src=\"https:\/\/sementedossonhos.org\/wp\/wp-content\/uploads\/2021\/09\/BE4418E8-04B5-416A-BFA8-0F189F3BE5D6-1024x768.jpeg\" alt=\"\" class=\"wp-image-750\" srcset=\"https:\/\/sementedossonhos.org\/wp\/wp-content\/uploads\/2021\/09\/BE4418E8-04B5-416A-BFA8-0F189F3BE5D6-1024x768.jpeg 1024w, https:\/\/sementedossonhos.org\/wp\/wp-content\/uploads\/2021\/09\/BE4418E8-04B5-416A-BFA8-0F189F3BE5D6-300x225.jpeg 300w, https:\/\/sementedossonhos.org\/wp\/wp-content\/uploads\/2021\/09\/BE4418E8-04B5-416A-BFA8-0F189F3BE5D6-768x576.jpeg 768w, https:\/\/sementedossonhos.org\/wp\/wp-content\/uploads\/2021\/09\/BE4418E8-04B5-416A-BFA8-0F189F3BE5D6-1536x1152.jpeg 1536w, https:\/\/sementedossonhos.org\/wp\/wp-content\/uploads\/2021\/09\/BE4418E8-04B5-416A-BFA8-0F189F3BE5D6.jpeg 1600w\" sizes=\"auto, (max-width: 1024px) 100vw, 1024px\" \/><\/figure>\n\n<figure class=\"wp-block-image size-large\"><img loading=\"lazy\" decoding=\"async\" width=\"1024\" height=\"768\" data-id=\"751\" src=\"https:\/\/sementedossonhos.org\/wp\/wp-content\/uploads\/2021\/09\/C6B72FFB-8A8D-4E96-B2F3-E0B3C64F252B-1024x768.jpeg\" alt=\"\" class=\"wp-image-751\" srcset=\"https:\/\/sementedossonhos.org\/wp\/wp-content\/uploads\/2021\/09\/C6B72FFB-8A8D-4E96-B2F3-E0B3C64F252B-1024x768.jpeg 1024w, https:\/\/sementedossonhos.org\/wp\/wp-content\/uploads\/2021\/09\/C6B72FFB-8A8D-4E96-B2F3-E0B3C64F252B-300x225.jpeg 300w, https:\/\/sementedossonhos.org\/wp\/wp-content\/uploads\/2021\/09\/C6B72FFB-8A8D-4E96-B2F3-E0B3C64F252B-768x576.jpeg 768w, https:\/\/sementedossonhos.org\/wp\/wp-content\/uploads\/2021\/09\/C6B72FFB-8A8D-4E96-B2F3-E0B3C64F252B-1536x1152.jpeg 1536w, https:\/\/sementedossonhos.org\/wp\/wp-content\/uploads\/2021\/09\/C6B72FFB-8A8D-4E96-B2F3-E0B3C64F252B.jpeg 1600w\" sizes=\"auto, (max-width: 1024px) 100vw, 1024px\" \/><\/figure>\n\n<figure class=\"wp-block-image size-large\"><img loading=\"lazy\" decoding=\"async\" width=\"1024\" height=\"768\" data-id=\"752\" src=\"https:\/\/sementedossonhos.org\/wp\/wp-content\/uploads\/2021\/09\/80B1D560-E441-4C93-9FEE-B6B1939E61D8-1024x768.jpeg\" alt=\"\" class=\"wp-image-752\" srcset=\"https:\/\/sementedossonhos.org\/wp\/wp-content\/uploads\/2021\/09\/80B1D560-E441-4C93-9FEE-B6B1939E61D8-1024x768.jpeg 1024w, https:\/\/sementedossonhos.org\/wp\/wp-content\/uploads\/2021\/09\/80B1D560-E441-4C93-9FEE-B6B1939E61D8-300x225.jpeg 300w, https:\/\/sementedossonhos.org\/wp\/wp-content\/uploads\/2021\/09\/80B1D560-E441-4C93-9FEE-B6B1939E61D8-768x576.jpeg 768w, https:\/\/sementedossonhos.org\/wp\/wp-content\/uploads\/2021\/09\/80B1D560-E441-4C93-9FEE-B6B1939E61D8.jpeg 1280w\" sizes=\"auto, (max-width: 1024px) 100vw, 1024px\" \/><\/figure>\n\n<figure class=\"wp-block-image size-large\"><img loading=\"lazy\" decoding=\"async\" width=\"1024\" height=\"766\" data-id=\"753\" src=\"https:\/\/sementedossonhos.org\/wp\/wp-content\/uploads\/2021\/09\/8DA39842-9601-451B-AE06-AECAD63E5913-1024x766.jpeg\" alt=\"\" class=\"wp-image-753\" srcset=\"https:\/\/sementedossonhos.org\/wp\/wp-content\/uploads\/2021\/09\/8DA39842-9601-451B-AE06-AECAD63E5913-1024x766.jpeg 1024w, https:\/\/sementedossonhos.org\/wp\/wp-content\/uploads\/2021\/09\/8DA39842-9601-451B-AE06-AECAD63E5913-300x225.jpeg 300w, https:\/\/sementedossonhos.org\/wp\/wp-content\/uploads\/2021\/09\/8DA39842-9601-451B-AE06-AECAD63E5913-768x575.jpeg 768w, https:\/\/sementedossonhos.org\/wp\/wp-content\/uploads\/2021\/09\/8DA39842-9601-451B-AE06-AECAD63E5913.jpeg 1280w\" sizes=\"auto, (max-width: 1024px) 100vw, 1024px\" \/><\/figure><figcaption class=\"blocks-gallery-caption wp-element-caption\"><strong>Setembro\/2021 &#8211; Celebrando a Vida<\/strong><\/figcaption><\/figure>","protected":false},"excerpt":{"rendered":"<p>Retomamos o projeto Her\u00f3is do Lixo no dia 27 de setembro. Especialmente aos domingos recebemos muitos turistas em \u00c1guas Belas. Sem contar com infraestrutura p\u00fablica para coleta e recolhimento de lixo, vamos n\u00f3s mesmo cuidando do mangue e da praia. A cada atividade, recolhemos minimamente 5 sacos de lixo, de 100 litros. Desde a Campanha &hellip;<\/p>\n<p class=\"read-more\"> <a class=\"\" href=\"https:\/\/sementedossonhos.org\/wp\/setembro-2021-cuidando-de-aguas-belas\/\"> <span class=\"screen-reader-text\">Setembro\/2021 &#8211; Cuidando de \u00c1guas Belas<\/span> Read More \u00bb<\/a><\/p>\n","protected":false},"author":1,"featured_media":0,"parent":0,"menu_order":0,"comment_status":"closed","ping_status":"closed","template":"","meta":{"_uag_custom_page_level_css":"","site-sidebar-layout":"default","site-content-layout":"default","ast-site-content-layout":"","site-content-style":"default","site-sidebar-style":"default","ast-global-header-display":"","ast-banner-title-visibility":"","ast-main-header-display":"","ast-hfb-above-header-display":"","ast-hfb-below-header-display":"","ast-hfb-mobile-header-display":"","site-post-title":"","ast-breadcrumbs-content":"","ast-featured-img":"","footer-sml-layout":"","theme-transparent-header-meta":"default","adv-header-id-meta":"","stick-header-meta":"default","header-above-stick-meta":"","header-main-stick-meta":"","header-below-stick-meta":"","astra-migrate-meta-layouts":"","footnotes":""},"class_list":["post-800","page","type-page","status-publish","hentry"],"uagb_featured_image_src":{"full":false,"thumbnail":false,"medium":false,"medium_large":false,"large":false,"1536x1536":false,"2048x2048":false,"woocommerce_thumbnail":false,"woocommerce_single":false,"woocommerce_gallery_thumbnail":false},"uagb_author_info":{"display_name":"admin","author_link":"https:\/\/sementedossonhos.org\/wp\/author\/admin\/"},"uagb_comment_info":0,"uagb_excerpt":"Retomamos o projeto Her\u00f3is do Lixo no dia 27 de setembro. Especialmente aos domingos recebemos muitos turistas em \u00c1guas Belas. Sem contar com infraestrutura p\u00fablica para coleta e recolhimento de lixo, vamos n\u00f3s mesmo cuidando do mangue e da praia. A cada atividade, recolhemos minimamente 5 sacos de lixo, de 100 litros. Desde a Campanha&hellip;","_links":{"self":[{"href":"https:\/\/sementedossonhos.org\/wp\/wp-json\/wp\/v2\/pages\/800","targetHints":{"allow":["GET"]}}],"collection":[{"href":"https:\/\/sementedossonhos.org\/wp\/wp-json\/wp\/v2\/pages"}],"about":[{"href":"https:\/\/sementedossonhos.org\/wp\/wp-json\/wp\/v2\/types\/page"}],"author":[{"embeddable":true,"href":"https:\/\/sementedossonhos.org\/wp\/wp-json\/wp\/v2\/users\/1"}],"replies":[{"embeddable":true,"href":"https:\/\/sementedossonhos.org\/wp\/wp-json\/wp\/v2\/comments?post=800"}],"version-history":[{"count":1,"href":"https:\/\/sementedossonhos.org\/wp\/wp-json\/wp\/v2\/pages\/800\/revisions"}],"predecessor-version":[{"id":801,"href":"https:\/\/sementedossonhos.org\/wp\/wp-json\/wp\/v2\/pages\/800\/revisions\/801"}],"wp:attachment":[{"href":"https:\/\/sementedossonhos.org\/wp\/wp-json\/wp\/v2\/media?parent=800"}],"curies":[{"name":"wp","href":"https:\/\/api.w.org\/{rel}","templated":true}]}}